{"id":602,"date":"2016-09-22T14:42:28","date_gmt":"2016-09-22T05:42:28","guid":{"rendered":"https:\/\/xstore.8theme.com\/demos\/landing-watch\/product\/milanese-loop-stainless-steel-case\/"},"modified":"2023-08-21T16:56:02","modified_gmt":"2023-08-21T07:56:02","slug":"arte-para-flyer-panfleto","status":"publish","type":"product","link":"https:\/\/criarejp.com\/ja\/loja\/arte-para-flyer-panfleto\/","title":{"rendered":"\u30d5\u30e9\u30a4\u30e4\u30fc\/\u30d1\u30f3\u30d5\u30ec\u30c3\u30c8\u306e\u30a2\u30fc\u30c8"},"content":{"rendered":"<div data-elementor-type=\"wp-post\" data-elementor-id=\"602\" class=\"elementor elementor-602\" data-elementor-post-type=\"product\">\n\t\t\t\t\t\t<section class=\"elementor-section elementor-top-section elementor-element elementor-element-4bb8c502 elementor-section-boxed elementor-section-height-default elementor-section-height-default\" data-id=\"4bb8c502\" data-element_type=\"section\" data-e-type=\"section\">\n\t\t\t\t\t\t<div class=\"elementor-container elementor-column-gap-no\">\n\t\t\t\t\t<div class=\"elementor-column elementor-col-100 elementor-top-column elementor-element elementor-element-4c460051\" data-id=\"4c460051\" data-element_type=\"column\" data-e-type=\"column\">\n\t\t\t<div class=\"elementor-widget-wrap elementor-element-populated\">\n\t\t\t\t\t\t<div class=\"elementor-element elementor-element-7662c649 elementor-widget elementor-widget-text-editor\" data-id=\"7662c649\" data-element_type=\"widget\" data-e-type=\"widget\" data-widget_type=\"text-editor.default\">\n\t\t\t\t<div class=\"elementor-widget-container\">\n\t\t\t\t\t\t\t\t\t<p>O mundo digital hoje \u00e9 parte essencial da vida de todos. Por\u00e9m, ainda assim existe espa\u00e7o para a m\u00eddia impressa, que sempre se mostrou como um meio importante de veicula\u00e7\u00e3o de not\u00edcias. Flyer \u00e9 uma \u00f3tima estrat\u00e9gia de divulga\u00e7\u00e3o que possibilita a jun\u00e7\u00e3o do marketing digital e f\u00edsico, potencializando assim, o seu investimento.<\/p>\t\t\t\t\t\t\t\t<\/div>\n\t\t\t\t<\/div>\n\t\t\t\t<div class=\"elementor-element elementor-element-64cfa593 elementor-widget elementor-widget-image\" data-id=\"64cfa593\" data-element_type=\"widget\" data-e-type=\"widget\" data-widget_type=\"image.default\">\n\t\t\t\t<div class=\"elementor-widget-container\">\n\t\t\t\t\t\t\t\t\t\t\t\t\t\t\t<img decoding=\"async\" src=\"https:\/\/criarejp.com\/wp-content\/uploads\/2016\/09\/1-3.jpg\" title=\"\" alt=\"\" loading=\"lazy\" \/>\t\t\t\t\t\t\t\t\t\t\t\t\t\t\t<\/div>\n\t\t\t\t<\/div>\n\t\t\t\t<div class=\"elementor-element elementor-element-3e966a0c elementor-widget elementor-widget-text-editor\" data-id=\"3e966a0c\" data-element_type=\"widget\" data-e-type=\"widget\" data-widget_type=\"text-editor.default\">\n\t\t\t\t<div class=\"elementor-widget-container\">\n\t\t\t\t\t\t\t\t\t<p>Arte estruturando as informa\u00e7\u00f5es e a identidade visual da sua empresa, elaborando uma arte funcional que transmita claramente a mensagem que voc\u00ea deseja passar ao cliente.<\/p>\t\t\t\t\t\t\t\t<\/div>\n\t\t\t\t<\/div>\n\t\t\t\t\t<\/div>\n\t\t<\/div>\n\t\t\t\t\t<\/div>\n\t\t<\/section>\n\t\t\t\t<\/div>","protected":false},"excerpt":{"rendered":"<p>Flyer \u00e9 uma \u00f3tima estrat\u00e9gia de divulga\u00e7\u00e3o que possibilita a jun\u00e7\u00e3o do marketing digital e f\u00edsico, potencializando assim, o seu investimento.<\/p>","protected":false},"featured_media":2330,"comment_status":"open","ping_status":"closed","template":"","meta":[],"etheme_brands":[],"product_brand":[],"product_cat":[40],"product_tag":[],"class_list":{"0":"post-602","1":"product","2":"type-product","3":"status-publish","4":"has-post-thumbnail","6":"product_cat-design","8":"first","9":"instock","10":"sale","11":"featured","12":"taxable","13":"shipping-taxable","14":"purchasable","15":"product-type-simple"},"_links":{"self":[{"href":"https:\/\/criarejp.com\/ja\/wp-json\/wp\/v2\/product\/602","targetHints":{"allow":["GET"]}}],"collection":[{"href":"https:\/\/criarejp.com\/ja\/wp-json\/wp\/v2\/product"}],"about":[{"href":"https:\/\/criarejp.com\/ja\/wp-json\/wp\/v2\/types\/product"}],"replies":[{"embeddable":true,"href":"https:\/\/criarejp.com\/ja\/wp-json\/wp\/v2\/comments?post=602"}],"version-history":[{"count":0,"href":"https:\/\/criarejp.com\/ja\/wp-json\/wp\/v2\/product\/602\/revisions"}],"wp:featuredmedia":[{"embeddable":true,"href":"https:\/\/criarejp.com\/ja\/wp-json\/wp\/v2\/media\/2330"}],"wp:attachment":[{"href":"https:\/\/criarejp.com\/ja\/wp-json\/wp\/v2\/media?parent=602"}],"wp:term":[{"taxonomy":"brand","embeddable":true,"href":"https:\/\/criarejp.com\/ja\/wp-json\/wp\/v2\/etheme_brands?post=602"},{"taxonomy":"product_brand","embeddable":true,"href":"https:\/\/criarejp.com\/ja\/wp-json\/wp\/v2\/product_brand?post=602"},{"taxonomy":"product_cat","embeddable":true,"href":"https:\/\/criarejp.com\/ja\/wp-json\/wp\/v2\/product_cat?post=602"},{"taxonomy":"product_tag","embeddable":true,"href":"https:\/\/criarejp.com\/ja\/wp-json\/wp\/v2\/product_tag?post=602"}],"curies":[{"name":"wp","href":"https:\/\/api.w.org\/{rel}","templated":true}]}}