{"id":610,"date":"2016-09-22T14:45:55","date_gmt":"2016-09-22T14:45:55","guid":{"rendered":"https:\/\/xstore.8theme.com\/demos\/landing-watch\/product\/iphonebelkin-valet-charge-dock-for-apple-watch\/"},"modified":"2023-08-17T18:19:07","modified_gmt":"2023-08-17T09:19:07","slug":"kit-personalizado-para-eventos","status":"publish","type":"product","link":"https:\/\/criarejp.com\/ja\/loja\/kit-personalizado-para-eventos\/","title":{"rendered":"Kit personalizado para eventos"},"content":{"rendered":"<div data-elementor-type=\"wp-post\" data-elementor-id=\"610\" class=\"elementor elementor-610\" data-elementor-post-type=\"product\">\n\t\t\t\t\t\t<section class=\"elementor-section elementor-top-section elementor-element elementor-element-1123966e elementor-section-boxed elementor-section-height-default elementor-section-height-default\" data-id=\"1123966e\" data-element_type=\"section\" data-e-type=\"section\">\n\t\t\t\t\t\t<div class=\"elementor-container elementor-column-gap-no\">\n\t\t\t\t\t<div class=\"elementor-column elementor-col-100 elementor-top-column elementor-element elementor-element-2a78c7f1\" data-id=\"2a78c7f1\" data-element_type=\"column\" data-e-type=\"column\">\n\t\t\t<div class=\"elementor-widget-wrap elementor-element-populated\">\n\t\t\t\t\t\t<div class=\"elementor-element elementor-element-3e35884d elementor-widget elementor-widget-text-editor\" data-id=\"3e35884d\" data-element_type=\"widget\" data-e-type=\"widget\" data-widget_type=\"text-editor.default\">\n\t\t\t\t<div class=\"elementor-widget-container\">\n\t\t\t\t\t\t\t\t\t<p>A CRIARE cria o designer das artes de sua escolha e voc\u00ea recebe o arquivo pronto para imprimir no papel de sua prefer\u00eancia, seja ele um card\u00e1pio ou at\u00e9 mesmo um adesivo. Assim, al\u00e9m de personalizada e \u00fanica, a sua festa estar\u00e1 padronizada garantindo um ambiente agrad\u00e1vel e cheio de estilo<\/p>\t\t\t\t\t\t\t\t<\/div>\n\t\t\t\t<\/div>\n\t\t\t\t<div class=\"elementor-element elementor-element-4af706e elementor-widget elementor-widget-image\" data-id=\"4af706e\" data-element_type=\"widget\" data-e-type=\"widget\" data-widget_type=\"image.default\">\n\t\t\t\t<div class=\"elementor-widget-container\">\n\t\t\t\t\t\t\t\t\t\t\t\t\t\t\t<img decoding=\"async\" src=\"https:\/\/criarejp.com\/wp-content\/uploads\/elementor\/thumbs\/18-qal83juy58wcr1v2j8bez5dgyuf57rrwp5u7chh2mg.webp\" title=\"18\" alt=\"18\" loading=\"lazy\" \/>\t\t\t\t\t\t\t\t\t\t\t\t\t\t\t<\/div>\n\t\t\t\t<\/div>\n\t\t\t\t\t<\/div>\n\t\t<\/div>\n\t\t\t\t\t<\/div>\n\t\t<\/section>\n\t\t\t\t<\/div>","protected":false},"excerpt":{"rendered":"<p>Chega de perder horas correndo atr\u00e1s de artigos do tema escolhido para o seu evento!<\/p>","protected":false},"featured_media":2424,"comment_status":"open","ping_status":"closed","template":"","meta":[],"etheme_brands":[],"product_brand":[],"product_cat":[40],"product_tag":[],"class_list":{"0":"post-610","1":"product","2":"type-product","3":"status-publish","4":"has-post-thumbnail","6":"product_cat-design","8":"first","9":"instock","10":"featured","11":"taxable","12":"shipping-taxable","13":"purchasable","14":"product-type-simple"},"_links":{"self":[{"href":"https:\/\/criarejp.com\/ja\/wp-json\/wp\/v2\/product\/610","targetHints":{"allow":["GET"]}}],"collection":[{"href":"https:\/\/criarejp.com\/ja\/wp-json\/wp\/v2\/product"}],"about":[{"href":"https:\/\/criarejp.com\/ja\/wp-json\/wp\/v2\/types\/product"}],"replies":[{"embeddable":true,"href":"https:\/\/criarejp.com\/ja\/wp-json\/wp\/v2\/comments?post=610"}],"version-history":[{"count":0,"href":"https:\/\/criarejp.com\/ja\/wp-json\/wp\/v2\/product\/610\/revisions"}],"wp:featuredmedia":[{"embeddable":true,"href":"https:\/\/criarejp.com\/ja\/wp-json\/wp\/v2\/media\/2424"}],"wp:attachment":[{"href":"https:\/\/criarejp.com\/ja\/wp-json\/wp\/v2\/media?parent=610"}],"wp:term":[{"taxonomy":"brand","embeddable":true,"href":"https:\/\/criarejp.com\/ja\/wp-json\/wp\/v2\/etheme_brands?post=610"},{"taxonomy":"product_brand","embeddable":true,"href":"https:\/\/criarejp.com\/ja\/wp-json\/wp\/v2\/product_brand?post=610"},{"taxonomy":"product_cat","embeddable":true,"href":"https:\/\/criarejp.com\/ja\/wp-json\/wp\/v2\/product_cat?post=610"},{"taxonomy":"product_tag","embeddable":true,"href":"https:\/\/criarejp.com\/ja\/wp-json\/wp\/v2\/product_tag?post=610"}],"curies":[{"name":"wp","href":"https:\/\/api.w.org\/{rel}","templated":true}]}}