{"id":2970,"date":"2023-08-28T18:29:53","date_gmt":"2023-08-28T09:29:53","guid":{"rendered":"https:\/\/criarejp.com\/?post_type=product&#038;p=2970"},"modified":"2023-08-28T19:56:04","modified_gmt":"2023-08-28T10:56:04","slug":"website-de-evento","status":"publish","type":"product","link":"https:\/\/criarejp.com\/pt_br\/loja\/website-de-evento\/","title":{"rendered":"Website de evento"},"content":{"rendered":"\t\t<div data-elementor-type=\"wp-post\" data-elementor-id=\"2970\" class=\"elementor elementor-2970\" data-elementor-post-type=\"product\">\n\t\t\t\t\t\t<section class=\"elementor-section elementor-top-section elementor-element elementor-element-50ca04c7 elementor-section-boxed elementor-section-height-default elementor-section-height-default\" data-id=\"50ca04c7\" data-element_type=\"section\" data-e-type=\"section\">\n\t\t\t\t\t\t<div class=\"elementor-container elementor-column-gap-no\">\n\t\t\t\t\t<div class=\"elementor-column elementor-col-100 elementor-top-column elementor-element elementor-element-6518a1b0\" data-id=\"6518a1b0\" data-element_type=\"column\" data-e-type=\"column\">\n\t\t\t<div class=\"elementor-widget-wrap elementor-element-populated\">\n\t\t\t\t\t\t<div class=\"elementor-element elementor-element-4eb4c5cc elementor-widget elementor-widget-text-editor\" data-id=\"4eb4c5cc\" data-element_type=\"widget\" data-e-type=\"widget\" data-widget_type=\"text-editor.default\">\n\t\t\t\t<div class=\"elementor-widget-container\">\n\t\t\t\t\t\t\t\t\t<p>Um dos maiores problemas para organizar um evento \u00e9 a saber a quantidade de convidados que v\u00e3o comparecer \u00e0 festa, porque o sucesso do bufffet e o tamanho do sal\u00e3o de festas ideal depende destes dados. E se voc\u00ea tivesse um local para os convidados, assim que receberem o convite, j\u00e1 confirmarem a presen\u00e7a? Com a CRIARE \u00e9 poss\u00edvel confeccionar rapidamente um site para que o convidado confirme a sua presen\u00e7a na festa com facilidade, al\u00e9m de obter informa\u00e7\u00f5es como localiza\u00e7\u00e3o com mapa do evento, hist\u00f3ria (dos noivos, aniversariante, debutante, etc), tipo de vestimenta, al\u00e9m de ter acesso \u00e0 fotos do evento para lembrar e apreciar o momento vivenciado. Isso tudo com certeza garantir\u00e1 o sucesso de seu evento!<\/p>\t\t\t\t\t\t\t\t<\/div>\n\t\t\t\t<\/div>\n\t\t\t\t\t<\/div>\n\t\t<\/div>\n\t\t\t\t\t<\/div>\n\t\t<\/section>\n\t\t\t\t<\/div>\n\t\t","protected":false},"excerpt":{"rendered":"<p>Um dos maiores problemas para organizar um evento \u00e9 a saber a quantidade de convidados que v\u00e3o comparecer \u00e0 festa, porque o sucesso do bufffet e o tamanho do sal\u00e3o de festas ideal depende destes dados.<\/p>\n","protected":false},"featured_media":2971,"comment_status":"open","ping_status":"closed","template":"","meta":[],"etheme_brands":[],"product_brand":[],"product_cat":[40],"product_tag":[],"class_list":{"0":"post-2970","1":"product","2":"type-product","3":"status-publish","4":"has-post-thumbnail","6":"product_cat-design","8":"first","9":"instock","10":"sale","11":"featured","12":"downloadable","13":"taxable","14":"shipping-taxable","15":"purchasable","16":"product-type-simple"},"_links":{"self":[{"href":"https:\/\/criarejp.com\/pt_br\/wp-json\/wp\/v2\/product\/2970","targetHints":{"allow":["GET"]}}],"collection":[{"href":"https:\/\/criarejp.com\/pt_br\/wp-json\/wp\/v2\/product"}],"about":[{"href":"https:\/\/criarejp.com\/pt_br\/wp-json\/wp\/v2\/types\/product"}],"replies":[{"embeddable":true,"href":"https:\/\/criarejp.com\/pt_br\/wp-json\/wp\/v2\/comments?post=2970"}],"version-history":[{"count":0,"href":"https:\/\/criarejp.com\/pt_br\/wp-json\/wp\/v2\/product\/2970\/revisions"}],"wp:featuredmedia":[{"embeddable":true,"href":"https:\/\/criarejp.com\/pt_br\/wp-json\/wp\/v2\/media\/2971"}],"wp:attachment":[{"href":"https:\/\/criarejp.com\/pt_br\/wp-json\/wp\/v2\/media?parent=2970"}],"wp:term":[{"taxonomy":"brand","embeddable":true,"href":"https:\/\/criarejp.com\/pt_br\/wp-json\/wp\/v2\/etheme_brands?post=2970"},{"taxonomy":"product_brand","embeddable":true,"href":"https:\/\/criarejp.com\/pt_br\/wp-json\/wp\/v2\/product_brand?post=2970"},{"taxonomy":"product_cat","embeddable":true,"href":"https:\/\/criarejp.com\/pt_br\/wp-json\/wp\/v2\/product_cat?post=2970"},{"taxonomy":"product_tag","embeddable":true,"href":"https:\/\/criarejp.com\/pt_br\/wp-json\/wp\/v2\/product_tag?post=2970"}],"curies":[{"name":"wp","href":"https:\/\/api.w.org\/{rel}","templated":true}]}}