{"id":3530,"date":"2023-10-20T11:28:16","date_gmt":"2023-10-20T02:28:16","guid":{"rendered":"https:\/\/criarejp.com\/?post_type=product&#038;p=3530"},"modified":"2024-02-20T17:11:07","modified_gmt":"2024-02-20T08:11:07","slug":"curso-lettering-easy-basico","status":"publish","type":"product","link":"https:\/\/criarejp.com\/pt_br\/loja\/curso-lettering-easy-basico\/","title":{"rendered":"Curso Lettering EASY B\u00e1sico"},"content":{"rendered":"<p>Na segunda parte do nosso curso de lettering, vamos elevar suas habilidades ao pr\u00f3ximo n\u00edvel! Voc\u00ea se aprofundar\u00e1 na arte de praticar com frases, explorando como criar composi\u00e7\u00f5es significativas e cativantes. Este \u00e9 o passo crucial para transformar suas letras em mensagens poderosas. Prepare-se para aprimorar suas habilidades de lettering e dar vida a frases deslumbrantes!<\/p>\n<p>Na emocionante terceira parte do nosso curso de lettering, mergulharemos no mundo dos estilos de lettering e na explora\u00e7\u00e3o criativa. Voc\u00ea aprender\u00e1 a dar vida a suas palavras de maneiras \u00fanicas e a dominar diferentes estilos que refletem sua criatividade. Prepare-se para soltar sua imagina\u00e7\u00e3o, experimentar, e criar obras-primas de lettering que s\u00e3o verdadeiramente suas. Esta \u00e9 a parte onde sua paix\u00e3o pela arte das letras brilhar\u00e1 de maneira \u00fanica e inovadora!<\/p>\n<p>COMPLETO:<\/p>\n<p>Dominar a arte do Lettering \u00e9 uma jornada criativa incr\u00edvel que agora est\u00e1 ao seu alcance com o nosso curso completo, composto por tr\u00eas partes. Desde os fundamentos essenciais, onde voc\u00ea aprender\u00e1 dicas valiosas sobre canetas e pinc\u00e9is, descobrir\u00e1 o papel ideal e a t\u00e9cnica correta de segurar a caneta e o pincel, at\u00e9 elevar suas habilidades com frases e composi\u00e7\u00f5es significativas na segunda parte. Finalmente, na terceira parte, exploraremos estilos de Lettering e desencadearemos sua criatividade, permitindo que voc\u00ea crie obras de arte verdadeiramente \u00fanicas.<\/p>\n<p>Essas tr\u00eas partes se unem para fornecer a voc\u00ea o conhecimento, as habilidades e a inspira\u00e7\u00e3o necess\u00e1rias para se destacar na arte do Lettering. Cada parte complementa a outra, formando um curso completo que o guiar\u00e1 desde os fundamentos at\u00e9 a cria\u00e7\u00e3o de Lettering personalizado e expressivo. Sua jornada criativa est\u00e1 prestes a atingir novos patamares, e mal podemos esperar para v\u00ea-lo criar letras e palavras deslumbrantes. Vamos come\u00e7ar essa emocionante aventura de Lettering juntos!<\/p>\n","protected":false},"excerpt":{"rendered":"<p>B\u00e1sico<\/p>\n<p>Na primeira parte do nosso curso de lettering, voc\u00ea mergulhar\u00e1 nos fundamentos essenciais. Aprenda valiosas dicas sobre canetas e pinc\u00e9is, descubra o papel ideal, domine a t\u00e9cnica de segurar a caneta e o pincel, aprimore sua escrita, explore as letras e n\u00fameros e comece a criar suas primeiras palavras. Esta \u00e9 a base s\u00f3lida que voc\u00ea precisa para se tornar um mestre na arte do lettering. Prepare-se para uma emocionante jornada criativa!<\/p>\n","protected":false},"featured_media":3557,"comment_status":"open","ping_status":"closed","template":"","meta":[],"etheme_brands":[],"product_brand":[],"product_cat":[54],"product_tag":[],"class_list":{"0":"post-3530","1":"product","2":"type-product","3":"status-publish","4":"has-post-thumbnail","6":"product_cat-livros","8":"first","9":"instock","10":"downloadable","11":"taxable","12":"shipping-taxable","13":"purchasable","14":"product-type-simple"},"_links":{"self":[{"href":"https:\/\/criarejp.com\/pt_br\/wp-json\/wp\/v2\/product\/3530","targetHints":{"allow":["GET"]}}],"collection":[{"href":"https:\/\/criarejp.com\/pt_br\/wp-json\/wp\/v2\/product"}],"about":[{"href":"https:\/\/criarejp.com\/pt_br\/wp-json\/wp\/v2\/types\/product"}],"replies":[{"embeddable":true,"href":"https:\/\/criarejp.com\/pt_br\/wp-json\/wp\/v2\/comments?post=3530"}],"version-history":[{"count":1,"href":"https:\/\/criarejp.com\/pt_br\/wp-json\/wp\/v2\/product\/3530\/revisions"}],"predecessor-version":[{"id":3992,"href":"https:\/\/criarejp.com\/pt_br\/wp-json\/wp\/v2\/product\/3530\/revisions\/3992"}],"wp:featuredmedia":[{"embeddable":true,"href":"https:\/\/criarejp.com\/pt_br\/wp-json\/wp\/v2\/media\/3557"}],"wp:attachment":[{"href":"https:\/\/criarejp.com\/pt_br\/wp-json\/wp\/v2\/media?parent=3530"}],"wp:term":[{"taxonomy":"brand","embeddable":true,"href":"https:\/\/criarejp.com\/pt_br\/wp-json\/wp\/v2\/etheme_brands?post=3530"},{"taxonomy":"product_brand","embeddable":true,"href":"https:\/\/criarejp.com\/pt_br\/wp-json\/wp\/v2\/product_brand?post=3530"},{"taxonomy":"product_cat","embeddable":true,"href":"https:\/\/criarejp.com\/pt_br\/wp-json\/wp\/v2\/product_cat?post=3530"},{"taxonomy":"product_tag","embeddable":true,"href":"https:\/\/criarejp.com\/pt_br\/wp-json\/wp\/v2\/product_tag?post=3530"}],"curies":[{"name":"wp","href":"https:\/\/api.w.org\/{rel}","templated":true}]}}