{"id":3850,"date":"2023-12-05T15:58:15","date_gmt":"2023-12-05T06:58:15","guid":{"rendered":"https:\/\/criarejp.com\/?post_type=product&#038;p=3850"},"modified":"2023-12-05T16:07:40","modified_gmt":"2023-12-05T07:07:40","slug":"promocao-de-verao-de-2023","status":"publish","type":"product","link":"https:\/\/criarejp.com\/pt_br\/loja\/promocao-de-verao-de-2023\/","title":{"rendered":"Promo\u00e7\u00e3o de ver\u00e3o de 2023"},"content":{"rendered":"<p>Apresentamos nosso pacote de ver\u00e3o de 2023 de servi\u00e7os para impulsionar sua presen\u00e7a online!<\/p>\n","protected":false},"excerpt":{"rendered":"<p>Com nosso produto, oferecemos a cria\u00e7\u00e3o profissional do seu website, incluindo design atraente e funcionalidades modernas. Al\u00e9m disso, garantimos alojamento est\u00e1vel e confi\u00e1vel e backup per\u00edodo\u00a0 por um per\u00edodo de 3 anos, acompanhado de manuten\u00e7\u00e3o cont\u00ednua para manter seu site sempre atualizado e seguro. Leve sua presen\u00e7a online a novas alturas conosco!<\/p>\n","protected":false},"featured_media":3055,"comment_status":"open","ping_status":"closed","template":"","meta":[],"etheme_brands":[],"product_brand":[],"product_cat":[56],"product_tag":[],"class_list":{"0":"post-3850","1":"product","2":"type-product","3":"status-publish","4":"has-post-thumbnail","6":"product_cat-verao","8":"first","9":"instock","10":"taxable","11":"shipping-taxable","12":"purchasable","13":"product-type-simple"},"_links":{"self":[{"href":"https:\/\/criarejp.com\/pt_br\/wp-json\/wp\/v2\/product\/3850","targetHints":{"allow":["GET"]}}],"collection":[{"href":"https:\/\/criarejp.com\/pt_br\/wp-json\/wp\/v2\/product"}],"about":[{"href":"https:\/\/criarejp.com\/pt_br\/wp-json\/wp\/v2\/types\/product"}],"replies":[{"embeddable":true,"href":"https:\/\/criarejp.com\/pt_br\/wp-json\/wp\/v2\/comments?post=3850"}],"version-history":[{"count":2,"href":"https:\/\/criarejp.com\/pt_br\/wp-json\/wp\/v2\/product\/3850\/revisions"}],"predecessor-version":[{"id":3853,"href":"https:\/\/criarejp.com\/pt_br\/wp-json\/wp\/v2\/product\/3850\/revisions\/3853"}],"wp:featuredmedia":[{"embeddable":true,"href":"https:\/\/criarejp.com\/pt_br\/wp-json\/wp\/v2\/media\/3055"}],"wp:attachment":[{"href":"https:\/\/criarejp.com\/pt_br\/wp-json\/wp\/v2\/media?parent=3850"}],"wp:term":[{"taxonomy":"brand","embeddable":true,"href":"https:\/\/criarejp.com\/pt_br\/wp-json\/wp\/v2\/etheme_brands?post=3850"},{"taxonomy":"product_brand","embeddable":true,"href":"https:\/\/criarejp.com\/pt_br\/wp-json\/wp\/v2\/product_brand?post=3850"},{"taxonomy":"product_cat","embeddable":true,"href":"https:\/\/criarejp.com\/pt_br\/wp-json\/wp\/v2\/product_cat?post=3850"},{"taxonomy":"product_tag","embeddable":true,"href":"https:\/\/criarejp.com\/pt_br\/wp-json\/wp\/v2\/product_tag?post=3850"}],"curies":[{"name":"wp","href":"https:\/\/api.w.org\/{rel}","templated":true}]}}