{"id":603,"date":"2016-09-22T14:42:29","date_gmt":"2016-09-22T14:42:29","guid":{"rendered":"https:\/\/xstore.8theme.com\/demos\/landing-watch\/product\/pearl-woven-nylon-apple-watch\/"},"modified":"2023-08-12T11:49:43","modified_gmt":"2023-08-12T02:49:43","slug":"criacao-de-logotipo","status":"publish","type":"product","link":"https:\/\/criarejp.com\/pt_br\/loja\/criacao-de-logotipo\/","title":{"rendered":"Cria\u00e7\u00e3o de Logotipo"},"content":{"rendered":"\t\t<div data-elementor-type=\"wp-post\" data-elementor-id=\"603\" class=\"elementor elementor-603\" data-elementor-post-type=\"product\">\n\t\t\t\t\t\t<section class=\"elementor-section elementor-top-section elementor-element elementor-element-66075de8 elementor-section-boxed elementor-section-height-default elementor-section-height-default\" data-id=\"66075de8\" data-element_type=\"section\" data-e-type=\"section\">\n\t\t\t\t\t\t<div class=\"elementor-container elementor-column-gap-no\">\n\t\t\t\t\t<div class=\"elementor-column elementor-col-100 elementor-top-column elementor-element elementor-element-313045ab\" data-id=\"313045ab\" data-element_type=\"column\" data-e-type=\"column\">\n\t\t\t<div class=\"elementor-widget-wrap elementor-element-populated\">\n\t\t\t\t\t\t<div class=\"elementor-element elementor-element-25da9a73 elementor-widget elementor-widget-text-editor\" data-id=\"25da9a73\" data-element_type=\"widget\" data-e-type=\"widget\" data-widget_type=\"text-editor.default\">\n\t\t\t\t<div class=\"elementor-widget-container\">\n\t\t\t\t\t\t\t\t\t<h4>O logotipo \u00e9 a assinatura da sua empresa, \u00e9 ele quem vai traduzir visualmente a personalidade da sua marca e gerar identifica\u00e7\u00e3o com o seu p\u00fablico.<\/h4><h4>Em um mercado concorrido como que nos encontramos, um logo bem feito faz com que o neg\u00f3cio ou produto se destaque dos demais e transmita profissionalismo e credibilidade.<\/h4>\t\t\t\t\t\t\t\t<\/div>\n\t\t\t\t<\/div>\n\t\t\t\t<div class=\"elementor-element elementor-element-f00b7f5 elementor-widget elementor-widget-image\" data-id=\"f00b7f5\" data-element_type=\"widget\" data-e-type=\"widget\" data-widget_type=\"image.default\">\n\t\t\t\t<div class=\"elementor-widget-container\">\n\t\t\t\t\t\t\t\t\t\t\t\t\t\t\t<img decoding=\"async\" src=\"https:\/\/criarejp.com\/wp-content\/uploads\/2016\/09\/5-1.jpg\" title=\"\" alt=\"\" loading=\"lazy\" \/>\t\t\t\t\t\t\t\t\t\t\t\t\t\t\t<\/div>\n\t\t\t\t<\/div>\n\t\t\t\t<div class=\"elementor-element elementor-element-1a3b19b6 elementor-widget elementor-widget-text-editor\" data-id=\"1a3b19b6\" data-element_type=\"widget\" data-e-type=\"widget\" data-widget_type=\"text-editor.default\">\n\t\t\t\t<div class=\"elementor-widget-container\">\n\t\t\t\t\t\t\t\t\t<p>Cerca de metade de todas as empresas falham dentro de seus primeiros anos. Uma das falhas mais comuns \u00e9 a falta de profissionalismo na divulga\u00e7\u00e3o. A maioria n\u00e3o percebe a import\u00e2ncia do logotipo da empresa, por exemplo. Sem ele, seus materiais de marketing n\u00e3o se destacam dos de seus concorrentes e suas vendas v\u00e3o sofrer.<\/p>\t\t\t\t\t\t\t\t<\/div>\n\t\t\t\t<\/div>\n\t\t\t\t\t<\/div>\n\t\t<\/div>\n\t\t\t\t\t<\/div>\n\t\t<\/section>\n\t\t\t\t<\/div>\n\t\t","protected":false},"excerpt":{"rendered":"<p>Trata-se da cria\u00e7\u00e3o de seu logo 2D (logomarca) em formato vetorial e arquivos compat\u00edveis com todos os tipos de impress\u00e3o.<br \/>\nCaso deseje uma cria\u00e7\u00e3o que consista em S\u00edmbolo+Nome esse item \u00e9 ideal para voc\u00ea. A cria\u00e7\u00e3o ser\u00e1 exclusiva para sua marca e ter\u00e1 as especifica\u00e7\u00f5es que voc\u00ea determinar.<br \/>\nNa compra deste item voc\u00ea ainda receber\u00e1 o manual simplificado da sua marca com as fontes e os c\u00f3digos das cores usados no projeto. Ao final do processo os arquivos ser\u00e3o enviados em CDR (Corel), PDF, JPG e PNG (fundo transparente).<\/p>\n","protected":false},"featured_media":2300,"comment_status":"open","ping_status":"closed","template":"","meta":[],"etheme_brands":[],"product_brand":[],"product_cat":[40],"product_tag":[],"class_list":{"0":"post-603","1":"product","2":"type-product","3":"status-publish","4":"has-post-thumbnail","6":"product_cat-design","8":"first","9":"instock","10":"sale","11":"featured","12":"taxable","13":"shipping-taxable","14":"purchasable","15":"product-type-simple"},"_links":{"self":[{"href":"https:\/\/criarejp.com\/pt_br\/wp-json\/wp\/v2\/product\/603","targetHints":{"allow":["GET"]}}],"collection":[{"href":"https:\/\/criarejp.com\/pt_br\/wp-json\/wp\/v2\/product"}],"about":[{"href":"https:\/\/criarejp.com\/pt_br\/wp-json\/wp\/v2\/types\/product"}],"replies":[{"embeddable":true,"href":"https:\/\/criarejp.com\/pt_br\/wp-json\/wp\/v2\/comments?post=603"}],"version-history":[{"count":0,"href":"https:\/\/criarejp.com\/pt_br\/wp-json\/wp\/v2\/product\/603\/revisions"}],"wp:featuredmedia":[{"embeddable":true,"href":"https:\/\/criarejp.com\/pt_br\/wp-json\/wp\/v2\/media\/2300"}],"wp:attachment":[{"href":"https:\/\/criarejp.com\/pt_br\/wp-json\/wp\/v2\/media?parent=603"}],"wp:term":[{"taxonomy":"brand","embeddable":true,"href":"https:\/\/criarejp.com\/pt_br\/wp-json\/wp\/v2\/etheme_brands?post=603"},{"taxonomy":"product_brand","embeddable":true,"href":"https:\/\/criarejp.com\/pt_br\/wp-json\/wp\/v2\/product_brand?post=603"},{"taxonomy":"product_cat","embeddable":true,"href":"https:\/\/criarejp.com\/pt_br\/wp-json\/wp\/v2\/product_cat?post=603"},{"taxonomy":"product_tag","embeddable":true,"href":"https:\/\/criarejp.com\/pt_br\/wp-json\/wp\/v2\/product_tag?post=603"}],"curies":[{"name":"wp","href":"https:\/\/api.w.org\/{rel}","templated":true}]}}