{"id":604,"date":"2016-09-22T14:42:31","date_gmt":"2016-09-22T14:42:31","guid":{"rendered":"https:\/\/xstore.8theme.com\/demos\/landing-watch\/product\/wireless-on-ear-headphones-beats-solo3\/"},"modified":"2023-08-16T16:04:49","modified_gmt":"2023-08-16T07:04:49","slug":"arte-para-postagem","status":"publish","type":"product","link":"https:\/\/criarejp.com\/pt_br\/loja\/arte-para-postagem\/","title":{"rendered":"Arte para postagem"},"content":{"rendered":"\t\t<div data-elementor-type=\"wp-post\" data-elementor-id=\"604\" class=\"elementor elementor-604\" data-elementor-post-type=\"product\">\n\t\t\t\t\t\t<section class=\"elementor-section elementor-top-section elementor-element elementor-element-2abf4410 elementor-section-boxed elementor-section-height-default elementor-section-height-default\" data-id=\"2abf4410\" data-element_type=\"section\" data-e-type=\"section\">\n\t\t\t\t\t\t<div class=\"elementor-container elementor-column-gap-no\">\n\t\t\t\t\t<div class=\"elementor-column elementor-col-100 elementor-top-column elementor-element elementor-element-43e219d5\" data-id=\"43e219d5\" data-element_type=\"column\" data-e-type=\"column\">\n\t\t\t<div class=\"elementor-widget-wrap elementor-element-populated\">\n\t\t\t\t\t\t<div class=\"elementor-element elementor-element-a51cd6a elementor-widget elementor-widget-text-editor\" data-id=\"a51cd6a\" data-element_type=\"widget\" data-e-type=\"widget\" data-widget_type=\"text-editor.default\">\n\t\t\t\t<div class=\"elementor-widget-container\">\n\t\t\t\t\t\t\t\t\t<h4>Sabendo disso, a Criare ArtDesign possui uma equipe altamente capacitada que cria layouts profissionais e personalizados \u00e0 partir da an\u00e1lise da necessidade de cada cliente.<br \/><br \/>Pacotes promocionais Sabendo da import\u00e2ncia de postar periodicamente, a Criare ArtDesign criou pacotes que aliam qualidade X tempo x pre\u00e7o. E o melhor disso tudo \u00e9 tornar a sua Identidade Visual mais forte, mantendo um padr\u00e3o nos layouts, dando \u00eanfase na sua marca e valorizando o seu produto. Voc\u00ea ainda poder\u00e1 ter artes variadas com dicas, frases, promo\u00e7\u00f5es, bastidores, concursos, etc&#8230;<\/h4>\t\t\t\t\t\t\t\t<\/div>\n\t\t\t\t<\/div>\n\t\t\t\t<div class=\"elementor-element elementor-element-6d939c74 elementor-widget elementor-widget-image\" data-id=\"6d939c74\" data-element_type=\"widget\" data-e-type=\"widget\" data-widget_type=\"image.default\">\n\t\t\t\t<div class=\"elementor-widget-container\">\n\t\t\t\t\t\t\t\t\t\t\t\t\t\t\t<img decoding=\"async\" src=\"https:\/\/criarejp.com\/wp-content\/uploads\/elementor\/thumbs\/7-qaldvq65rbvi21h5xprvp47l7ycmyj7szj8inmt6ko.webp\" title=\"7\" alt=\"7\" loading=\"lazy\" \/>\t\t\t\t\t\t\t\t\t\t\t\t\t\t\t<\/div>\n\t\t\t\t<\/div>\n\t\t\t\t\t<\/div>\n\t\t<\/div>\n\t\t\t\t\t<\/div>\n\t\t<\/section>\n\t\t\t\t<\/div>\n\t\t","protected":false},"excerpt":{"rendered":"<p>As imagens s\u00e3o um instrumento de comunica\u00e7\u00e3o poderoso, elas s\u00e3o a linguagem universal que trazem leveza \u00e0s nossas postagens e tornam nossa mensagem mais clara e direta ao leitor.<\/p>\n","protected":false},"featured_media":2442,"comment_status":"open","ping_status":"closed","template":"","meta":[],"etheme_brands":[],"product_brand":[],"product_cat":[40],"product_tag":[],"class_list":{"0":"post-604","1":"product","2":"type-product","3":"status-publish","4":"has-post-thumbnail","6":"product_cat-design","8":"first","9":"instock","10":"sale","11":"featured","12":"taxable","13":"shipping-taxable","14":"purchasable","15":"product-type-simple"},"_links":{"self":[{"href":"https:\/\/criarejp.com\/pt_br\/wp-json\/wp\/v2\/product\/604","targetHints":{"allow":["GET"]}}],"collection":[{"href":"https:\/\/criarejp.com\/pt_br\/wp-json\/wp\/v2\/product"}],"about":[{"href":"https:\/\/criarejp.com\/pt_br\/wp-json\/wp\/v2\/types\/product"}],"replies":[{"embeddable":true,"href":"https:\/\/criarejp.com\/pt_br\/wp-json\/wp\/v2\/comments?post=604"}],"version-history":[{"count":0,"href":"https:\/\/criarejp.com\/pt_br\/wp-json\/wp\/v2\/product\/604\/revisions"}],"wp:featuredmedia":[{"embeddable":true,"href":"https:\/\/criarejp.com\/pt_br\/wp-json\/wp\/v2\/media\/2442"}],"wp:attachment":[{"href":"https:\/\/criarejp.com\/pt_br\/wp-json\/wp\/v2\/media?parent=604"}],"wp:term":[{"taxonomy":"brand","embeddable":true,"href":"https:\/\/criarejp.com\/pt_br\/wp-json\/wp\/v2\/etheme_brands?post=604"},{"taxonomy":"product_brand","embeddable":true,"href":"https:\/\/criarejp.com\/pt_br\/wp-json\/wp\/v2\/product_brand?post=604"},{"taxonomy":"product_cat","embeddable":true,"href":"https:\/\/criarejp.com\/pt_br\/wp-json\/wp\/v2\/product_cat?post=604"},{"taxonomy":"product_tag","embeddable":true,"href":"https:\/\/criarejp.com\/pt_br\/wp-json\/wp\/v2\/product_tag?post=604"}],"curies":[{"name":"wp","href":"https:\/\/api.w.org\/{rel}","templated":true}]}}