{"id":605,"date":"2016-09-22T14:42:33","date_gmt":"2016-09-22T05:42:33","guid":{"rendered":"https:\/\/xstore.8theme.com\/demos\/landing-watch\/product\/megaboom-portable-wireless-speaker\/"},"modified":"2023-08-17T18:21:49","modified_gmt":"2023-08-17T09:21:49","slug":"arte-stories","status":"publish","type":"product","link":"https:\/\/criarejp.com\/pt_br\/loja\/arte-stories\/","title":{"rendered":"Arte stories"},"content":{"rendered":"\t\t<div data-elementor-type=\"wp-post\" data-elementor-id=\"605\" class=\"elementor elementor-605\" data-elementor-post-type=\"product\">\n\t\t\t\t\t\t<section class=\"elementor-section elementor-top-section elementor-element elementor-element-c066a47 elementor-section-boxed elementor-section-height-default elementor-section-height-default\" data-id=\"c066a47\" data-element_type=\"section\" data-e-type=\"section\">\n\t\t\t\t\t\t<div class=\"elementor-container elementor-column-gap-no\">\n\t\t\t\t\t<div class=\"elementor-column elementor-col-100 elementor-top-column elementor-element elementor-element-1a1bd12d\" data-id=\"1a1bd12d\" data-element_type=\"column\" data-e-type=\"column\">\n\t\t\t<div class=\"elementor-widget-wrap elementor-element-populated\">\n\t\t\t\t\t\t<div class=\"elementor-element elementor-element-49379db3 elementor-widget elementor-widget-text-editor\" data-id=\"49379db3\" data-element_type=\"widget\" data-e-type=\"widget\" data-widget_type=\"text-editor.default\">\n\t\t\t\t<div class=\"elementor-widget-container\">\n\t\t\t\t\t\t\t\t\t<h4>S\u00f3 que aquela pergunta de quem usa qualquer rede social sempre volta: \u201ccomo posso me destacar?\u201d. Com a Criare Arte Design o seu Stories pode se tornar a mais bonitas que essa internet j\u00e1 viu.<\/h4>\t\t\t\t\t\t\t\t<\/div>\n\t\t\t\t<\/div>\n\t\t\t\t<div class=\"elementor-element elementor-element-28571610 elementor-widget elementor-widget-image\" data-id=\"28571610\" data-element_type=\"widget\" data-e-type=\"widget\" data-widget_type=\"image.default\">\n\t\t\t\t<div class=\"elementor-widget-container\">\n\t\t\t\t\t\t\t\t\t\t\t\t\t\t\t<img decoding=\"async\" src=\"https:\/\/criarejp.com\/wp-content\/uploads\/elementor\/thumbs\/24-qaldmbs9ez09yf4otni6rhlnd8ohzhwfp0dpw0qwso.webp\" title=\"24\" alt=\"24\" loading=\"lazy\" \/>\t\t\t\t\t\t\t\t\t\t\t\t\t\t\t<\/div>\n\t\t\t\t<\/div>\n\t\t\t\t\t<\/div>\n\t\t<\/div>\n\t\t\t\t\t<\/div>\n\t\t<\/section>\n\t\t\t\t<\/div>\n\t\t","protected":false},"excerpt":{"rendered":"<p>Foi com um golpe de mestre que o Insta Stories tomaram conta do mercado, colocando tudo que a gente amava dentro da mesma m\u00eddia. Foi uma surpresa. E em pouco tempo, todos j\u00e1 t\u00ednhamos migrado de um app para o outro. E est\u00e1vamos nos perguntando: como fazer Stories mais bonitos, melhores e com mais destaque?<\/p>\n","protected":false},"featured_media":1790,"comment_status":"open","ping_status":"closed","template":"","meta":[],"etheme_brands":[],"product_brand":[],"product_cat":[40],"product_tag":[],"class_list":{"0":"post-605","1":"product","2":"type-product","3":"status-publish","4":"has-post-thumbnail","6":"product_cat-design","8":"first","9":"instock","10":"sale","11":"featured","12":"taxable","13":"shipping-taxable","14":"purchasable","15":"product-type-simple"},"_links":{"self":[{"href":"https:\/\/criarejp.com\/pt_br\/wp-json\/wp\/v2\/product\/605","targetHints":{"allow":["GET"]}}],"collection":[{"href":"https:\/\/criarejp.com\/pt_br\/wp-json\/wp\/v2\/product"}],"about":[{"href":"https:\/\/criarejp.com\/pt_br\/wp-json\/wp\/v2\/types\/product"}],"replies":[{"embeddable":true,"href":"https:\/\/criarejp.com\/pt_br\/wp-json\/wp\/v2\/comments?post=605"}],"version-history":[{"count":0,"href":"https:\/\/criarejp.com\/pt_br\/wp-json\/wp\/v2\/product\/605\/revisions"}],"wp:featuredmedia":[{"embeddable":true,"href":"https:\/\/criarejp.com\/pt_br\/wp-json\/wp\/v2\/media\/1790"}],"wp:attachment":[{"href":"https:\/\/criarejp.com\/pt_br\/wp-json\/wp\/v2\/media?parent=605"}],"wp:term":[{"taxonomy":"brand","embeddable":true,"href":"https:\/\/criarejp.com\/pt_br\/wp-json\/wp\/v2\/etheme_brands?post=605"},{"taxonomy":"product_brand","embeddable":true,"href":"https:\/\/criarejp.com\/pt_br\/wp-json\/wp\/v2\/product_brand?post=605"},{"taxonomy":"product_cat","embeddable":true,"href":"https:\/\/criarejp.com\/pt_br\/wp-json\/wp\/v2\/product_cat?post=605"},{"taxonomy":"product_tag","embeddable":true,"href":"https:\/\/criarejp.com\/pt_br\/wp-json\/wp\/v2\/product_tag?post=605"}],"curies":[{"name":"wp","href":"https:\/\/api.w.org\/{rel}","templated":true}]}}